{"id":4114,"date":"2020-10-15T13:29:08","date_gmt":"2020-10-15T13:29:08","guid":{"rendered":"https:\/\/oficinadearquitectura.pt\/technical-assistance-to-the-construction-site\/"},"modified":"2024-03-01T15:53:47","modified_gmt":"2024-03-01T15:53:47","slug":"technical-assistance-on-site","status":"publish","type":"page","link":"https:\/\/oficinadearquitectura.pt\/en\/technical-assistance-on-site\/","title":{"rendered":"Technical assistance on site"},"content":{"rendered":"\n<style type=\"text\/css\" data-created_by=\"avia_inline_auto\" id=\"style-css-av-ka5grjm4-d5864c58741c43aa76dd8baace11c35b\">\n.avia-section.av-ka5grjm4-d5864c58741c43aa76dd8baace11c35b .av-parallax .av-parallax-inner{\nbackground-repeat:no-repeat;\nbackground-image:url(https:\/\/i0.wp.com\/oficinadearquitectura.pt\/wp-content\/uploads\/2020\/10\/demolicoes_1024x768-3.jpg?fit=1024%2C768&ssl=1);\nbackground-position:50% 50%;\nbackground-attachment:scroll;\n}\n.avia-section.av-ka5grjm4-d5864c58741c43aa76dd8baace11c35b .av-section-color-overlay{\nopacity:0.5;\nbackground-color:#000000;\n}\n#top .avia-section.av-ka5grjm4-d5864c58741c43aa76dd8baace11c35b .scroll-down-link{\ncolor:#f4f4f4;\n}\n<\/style>\n<div id='av_section_1'  class='avia-section av-ka5grjm4-d5864c58741c43aa76dd8baace11c35b main_color avia-section-default avia-no-border-styling  avia-builder-el-0  avia-builder-el-no-sibling  av-parallax-section avia-bg-style-parallax av-section-color-overlay-active av-minimum-height av-minimum-height-100 av-height-100  container_wrap sidebar_right'  data-section-bg-repeat='no-repeat' data-av_minimum_height_pc='100' data-av_min_height_opt='100'><div class='av-parallax' data-avia-parallax-ratio='0.3' ><div class='av-parallax-inner main_color avia-full-stretch'><\/div><\/div><div class=\"av-section-color-overlay-wrap\"><div class=\"av-section-color-overlay\"><\/div><a href='#next-section' title='' class='scroll-down-link av-custom-scroll-down-color' aria-hidden='true' data-av_icon='\ue877' data-av_iconfont='entypo-fontello'><\/a><div class='container av-section-cont-open' ><main  role=\"main\" itemprop=\"mainContentOfPage\"  class='template-page content  av-content-small alpha units'><div class='post-entry post-entry-type-page post-entry-4114'><div class='entry-content-wrapper clearfix'>\n\n<style type=\"text\/css\" data-created_by=\"avia_inline_auto\" id=\"style-css-av-kgav0b82-3be46c5509e7fa005cb8b7fbd2360ca7\">\n#top .av-rotator-container.av-kgav0b82-3be46c5509e7fa005cb8b7fbd2360ca7{\ntext-align:left;\ncolor:#ffffff;\nmargin:0% 0 25% 0;\n}\n#top #wrap_all .av-rotator-container.av-kgav0b82-3be46c5509e7fa005cb8b7fbd2360ca7 .av-rotator-container-inner{\nfont-size:4vw;\n}\n\n@media only screen and (max-width: 479px){ \n#top #wrap_all .av-rotator-container.av-kgav0b82-3be46c5509e7fa005cb8b7fbd2360ca7 .av-rotator-container-inner{\nfont-size:22px;\n}\n}\n<\/style>\n<div  class='av-rotator-container av-rotation-container-left av-kgav0b82-3be46c5509e7fa005cb8b7fbd2360ca7  avia-builder-el-1  el_before_av_hr  avia-builder-el-first ' data-interval='5' data-animation='1'><h1 class='av-rotator-container-inner'>Technical assistance on site<span class='av-rotator-text av-rotator-multiline-off'><\/span><\/h1><\/div>\n\n<style type=\"text\/css\" data-created_by=\"avia_inline_auto\" id=\"style-css-av-kgauzdgz-6f8c0388ad678719c98e15a21f0719b3\">\n#top .hr.hr-invisible.av-kgauzdgz-6f8c0388ad678719c98e15a21f0719b3{\nheight:20px;\n}\n<\/style>\n<div  class='hr av-kgauzdgz-6f8c0388ad678719c98e15a21f0719b3 hr-invisible  avia-builder-el-2  el_after_av_headline_rotator  el_before_av_one_half '><span class='hr-inner '><span class=\"hr-inner-style\"><\/span><\/span><\/div>\n\n<style type=\"text\/css\" data-created_by=\"avia_inline_auto\" id=\"style-css-av-79zu0-a4d16daea7acdc69bc420ae884a3072a\">\n#top .flex_column.av-79zu0-a4d16daea7acdc69bc420ae884a3072a{\nmargin-top:0px;\nmargin-bottom:0px;\n}\n.flex_column.av-79zu0-a4d16daea7acdc69bc420ae884a3072a{\nborder-radius:0px 0px 0px 0px;\npadding:5px 0px 0px 5px;\n}\n.responsive #top #wrap_all .flex_column.av-79zu0-a4d16daea7acdc69bc420ae884a3072a{\nmargin-top:0px;\nmargin-bottom:0px;\n}\n<\/style>\n<div  class='flex_column av-79zu0-a4d16daea7acdc69bc420ae884a3072a av_one_half  avia-builder-el-3  el_after_av_hr  el_before_av_one_half  titulo first flex_column_div  '     ><style type=\"text\/css\" data-created_by=\"avia_inline_auto\" id=\"style-css-av-kgav4wu7-07d6fedaaa28084f7779b36fec4ccfc4\">\n#top .av_textblock_section.av-kgav4wu7-07d6fedaaa28084f7779b36fec4ccfc4 .avia_textblock{\ncolor:#ffffff;\n}\n<\/style>\n<section  class='av_textblock_section av-kgav4wu7-07d6fedaaa28084f7779b36fec4ccfc4 '   itemscope=\"itemscope\" itemtype=\"https:\/\/schema.org\/CreativeWork\" ><div class='avia_textblock av_inherit_color'  itemprop=\"text\" ><p>During construction works, technical assistance may include: response to RFIs (Requests for Information); clarification about documents, drawings, specifications; submition of additional information relative to potential errors or omissions; analysis of technical documents issued by suppliers or contractors.<\/p>\n<\/div><\/section><\/div>\n<style type=\"text\/css\" data-created_by=\"avia_inline_auto\" id=\"style-css-av-qywo0-eb4e871257e17057b3e6586a6d7e1c7a\">\n#top .flex_column.av-qywo0-eb4e871257e17057b3e6586a6d7e1c7a{\nmargin-top:0px;\nmargin-bottom:0px;\n}\n.flex_column.av-qywo0-eb4e871257e17057b3e6586a6d7e1c7a{\nborder-radius:0px 0px 0px 0px;\npadding:0px 0px 0px 0px;\n}\n.responsive #top #wrap_all .flex_column.av-qywo0-eb4e871257e17057b3e6586a6d7e1c7a{\nmargin-top:0px;\nmargin-bottom:0px;\n}\n<\/style>\n<div  class='flex_column av-qywo0-eb4e871257e17057b3e6586a6d7e1c7a av_one_half  avia-builder-el-5  el_after_av_one_half  el_before_av_one_half  flex_column_div av-zero-column-padding  '     ><p>\n<style type=\"text\/css\" data-created_by=\"avia_inline_auto\" id=\"style-css-av-kgauzdgz-7ab780d88bef77c1b7d3f83c4eb421f5\">\n#top .hr.hr-invisible.av-kgauzdgz-7ab780d88bef77c1b7d3f83c4eb421f5{\nheight:25px;\n}\n<\/style>\n<div  class='hr av-kgauzdgz-7ab780d88bef77c1b7d3f83c4eb421f5 hr-invisible  avia-builder-el-6  el_before_av_icongrid  avia-builder-el-first  av-desktop-hide av-medium-hide'><span class='hr-inner '><span class=\"hr-inner-style\"><\/span><\/span><\/div><br \/>\n\n<style type=\"text\/css\" data-created_by=\"avia_inline_auto\" id=\"style-css-av-kgavbojq-93531289a9f015c14ebcc0ab6d1a447a\">\n.avia-icon-grid-container.av-kgavbojq-93531289a9f015c14ebcc0ab6d1a447a .avia-icongrid{\njustify-content:space-between;\n}\n.avia-icon-grid-container.av-kgavbojq-93531289a9f015c14ebcc0ab6d1a447a .avia-icongrid-wrapper .avia-icongrid-icon{\ncolor:#ffffff;\n}\n.avia-icon-grid-container.av-kgavbojq-93531289a9f015c14ebcc0ab6d1a447a .avia-icongrid-wrapper .icongrid_title{\ncolor:#ffffff;\n}\n<\/style>\n\n<style type=\"text\/css\" data-created_by=\"avia_inline_auto\" id=\"style-css-sub-av-kgavbojq-93531289a9f015c14ebcc0ab6d1a447a\">\n.avia-icon-grid-container .avia-icongrid-wrapper.av-mwjdk-ab34179356e6b553de4c4cc6ce758517 .icongrid_title{\ncolor:#ffffff;\n}\n.avia-icon-grid-container .avia-icongrid-wrapper.av-mwjdk-ab34179356e6b553de4c4cc6ce758517 .avia-icongrid-content .avia-icongrid-text{\ncolor:#ffffff;\n}\n.avia-icon-grid-container .avia-icongrid-wrapper.av-mwjdk-ab34179356e6b553de4c4cc6ce758517 .avia-icongrid-flipback .avia-icongrid-text{\ncolor:#ffffff;\n}\n.avia-icon-grid-container .avia-icongrid-wrapper.av-1cr4w-9fb889c338c52b56a8fac5ce5ddf70c5 .icongrid_title{\ncolor:#ffffff;\n}\n.avia-icon-grid-container .avia-icongrid-wrapper.av-1cr4w-9fb889c338c52b56a8fac5ce5ddf70c5 .avia-icongrid-content .avia-icongrid-text{\ncolor:#ffffff;\n}\n.avia-icon-grid-container .avia-icongrid-wrapper.av-1cr4w-9fb889c338c52b56a8fac5ce5ddf70c5 .avia-icongrid-flipback .avia-icongrid-text{\ncolor:#ffffff;\n}\n.avia-icon-grid-container .avia-icongrid-wrapper.av-84r34-bc73bc800c4737c672a19b575cd208dd .icongrid_title{\ncolor:#ffffff;\n}\n.avia-icon-grid-container .avia-icongrid-wrapper.av-84r34-bc73bc800c4737c672a19b575cd208dd .avia-icongrid-content .avia-icongrid-text{\ncolor:#ffffff;\n}\n.avia-icon-grid-container .avia-icongrid-wrapper.av-84r34-bc73bc800c4737c672a19b575cd208dd .avia-icongrid-flipback .avia-icongrid-text{\ncolor:#ffffff;\n}\n<\/style>\n<div  class='avia-icon-grid-container av-kgavbojq-93531289a9f015c14ebcc0ab6d1a447a  avia-builder-el-7  el_after_av_hr  avia-builder-el-last ' ><ul id='avia-icongrid-6a0461f232a55' class='avia-icongrid clearfix avia_animate_when_almost_visible avia-icongrid-flipbox avia-icongrid-numrow-3 avia-cell-space-between av-flex-cells av-break-767 av-can-break-50'>\n<li class='av-icon-cell-item av-row-with-3-cells av-row-nr-1 av-cell-1 av-first-cell-row av-first-cell-item'><div class='avia-icongrid-wrapper av-mwjdk-ab34179356e6b553de4c4cc6ce758517'><article class='article-icon-entry av-icongrid-empty'  itemscope=\"itemscope\" itemtype=\"https:\/\/schema.org\/CreativeWork\" ><div class='avia-icongrid-front '><div class=\"avia-icongrid-inner\"><div class='avia-icongrid-icon avia-font-entypo-fontello'><span class='icongrid-char' aria-hidden='true' data-av_icon='\ue81d' data-av_iconfont='entypo-fontello'><\/span><\/div><header class=\"entry-content-header\"><h4 class='av_icongrid_title icongrid_title '  itemprop=\"headline\" >esclarecimento de d\u00favidas<\/h4><\/header><\/div><\/div><div class='avia-icongrid-flipback '><div class=\"avia-icongrid-inner\"><div class='avia-icongrid-text'  itemprop=\"text\" ><\/div><\/div><\/div><\/article><\/div><\/li>\n<li class='av-icon-cell-item av-row-with-3-cells av-row-nr-1 av-cell-2 av-first-cell-row av-inner-cell-item'><div class='avia-icongrid-wrapper av-1cr4w-9fb889c338c52b56a8fac5ce5ddf70c5'><article class='article-icon-entry av-icongrid-empty'  itemscope=\"itemscope\" itemtype=\"https:\/\/schema.org\/CreativeWork\" ><div class='avia-icongrid-front '><div class=\"avia-icongrid-inner\"><div class='avia-icongrid-icon avia-font-entypo-fontello'><span class='icongrid-char' aria-hidden='true' data-av_icon='\ue81f' data-av_iconfont='entypo-fontello'><\/span><\/div><header class=\"entry-content-header\"><h4 class='av_icongrid_title icongrid_title '  itemprop=\"headline\" >informa\u00e7\u00f5es complementares<\/h4><\/header><\/div><\/div><div class='avia-icongrid-flipback '><div class=\"avia-icongrid-inner\"><div class='avia-icongrid-text'  itemprop=\"text\" ><\/div><\/div><\/div><\/article><\/div><\/li>\n<li class='av-icon-cell-item av-row-with-3-cells av-row-nr-1 av-cell-3 av-first-cell-row av-last-cell-item'><div class='avia-icongrid-wrapper av-84r34-bc73bc800c4737c672a19b575cd208dd'><article class='article-icon-entry av-icongrid-empty'  itemscope=\"itemscope\" itemtype=\"https:\/\/schema.org\/CreativeWork\" ><div class='avia-icongrid-front '><div class=\"avia-icongrid-inner\"><div class='avia-icongrid-icon avia-font-entypo-fontello'><span class='icongrid-char' aria-hidden='true' data-av_icon='\ue803' data-av_iconfont='entypo-fontello'><\/span><\/div><header class=\"entry-content-header\"><h4 class='av_icongrid_title icongrid_title '  itemprop=\"headline\" >aprecia\u00e7\u00e3o documenta\u00e7\u00e3o<\/h4><\/header><\/div><\/div><div class='avia-icongrid-flipback '><div class=\"avia-icongrid-inner\"><div class='avia-icongrid-text'  itemprop=\"text\" ><\/div><\/div><\/div><\/article><\/div><\/li>\n<\/ul><\/div><\/p><\/div>\n<style type=\"text\/css\" data-created_by=\"avia_inline_auto\" id=\"style-css-av-qywo0-ef62ec6e2225d2803087eb24629fff42\">\n.flex_column.av-qywo0-ef62ec6e2225d2803087eb24629fff42{\nborder-radius:0px 0px 0px 0px;\npadding:0px 0px 0px 0px;\n}\n<\/style>\n<div  class='flex_column av-qywo0-ef62ec6e2225d2803087eb24629fff42 av_one_half  avia-builder-el-8  el_after_av_one_half  avia-builder-el-last  first flex_column_div av-zero-column-padding  column-top-margin'     ><\/div><\/div><\/div><\/main><!-- close content main element --><\/div><\/div><\/div><div id='after_section_1'  class='main_color av_default_container_wrap container_wrap sidebar_right'  ><div class='container av-section-cont-open' ><div class='template-page content  av-content-small alpha units'><div class='post-entry post-entry-type-page post-entry-4114'><div class='entry-content-wrapper clearfix'>\n","protected":false},"excerpt":{"rendered":"","protected":false},"author":1,"featured_media":3181,"parent":0,"menu_order":0,"comment_status":"closed","ping_status":"closed","template":"","meta":{"_monsterinsights_skip_tracking":false,"_monsterinsights_sitenote_active":false,"_monsterinsights_sitenote_note":"","_monsterinsights_sitenote_category":0},"tags":[],"yoast_head":"<!-- This site is optimized with the Yoast SEO plugin v20.12 - https:\/\/yoast.com\/wordpress\/plugins\/seo\/ -->\n<title>Technical assistance on site- Oficina de Arquitectura<\/title>\n<meta name=\"description\" content=\"Response to RFIs (Requests for Information), clarification and additional information about documents, drawings, specifications or other project conditions.\" \/>\n<meta name=\"robots\" content=\"index, follow, max-snippet:-1, max-image-preview:large, max-video-preview:-1\" \/>\n<link rel=\"canonical\" href=\"https:\/\/oficinadearquitectura.pt\/en\/technical-assistance-on-site\/\" \/>\n<meta property=\"og:locale\" content=\"en_US\" \/>\n<meta property=\"og:type\" content=\"article\" \/>\n<meta property=\"og:title\" content=\"Technical assistance on site- Oficina de Arquitectura\" \/>\n<meta property=\"og:description\" content=\"Response to RFIs (Requests for Information), clarification and additional information about documents, drawings, specifications or other project conditions.\" \/>\n<meta property=\"og:url\" content=\"https:\/\/oficinadearquitectura.pt\/en\/technical-assistance-on-site\/\" \/>\n<meta property=\"og:site_name\" content=\"Oficina de Arquitectura\" \/>\n<meta property=\"article:publisher\" content=\"https:\/\/www.facebook.com\/Oficina-de-Arquitectura-103882331321761\" \/>\n<meta property=\"article:modified_time\" content=\"2024-03-01T15:53:47+00:00\" \/>\n<meta property=\"og:image\" content=\"https:\/\/oficinadearquitectura.pt\/wp-content\/uploads\/2020\/10\/demolicoes_1024x768-3.jpg\" \/>\n\t<meta property=\"og:image:width\" content=\"1024\" \/>\n\t<meta property=\"og:image:height\" content=\"768\" \/>\n\t<meta property=\"og:image:type\" content=\"image\/jpeg\" \/>\n<meta name=\"twitter:card\" content=\"summary_large_image\" \/>\n<meta name=\"twitter:label1\" content=\"Est. reading time\" \/>\n\t<meta name=\"twitter:data1\" content=\"3 minutes\" \/>\n<script type=\"application\/ld+json\" class=\"yoast-schema-graph\">{\"@context\":\"https:\/\/schema.org\",\"@graph\":[{\"@type\":\"WebPage\",\"@id\":\"https:\/\/oficinadearquitectura.pt\/en\/technical-assistance-on-site\/\",\"url\":\"https:\/\/oficinadearquitectura.pt\/en\/technical-assistance-on-site\/\",\"name\":\"Technical assistance on site- Oficina de Arquitectura\",\"isPartOf\":{\"@id\":\"https:\/\/oficinadearquitectura.pt\/en\/#website\"},\"datePublished\":\"2020-10-15T13:29:08+00:00\",\"dateModified\":\"2024-03-01T15:53:47+00:00\",\"description\":\"Response to RFIs (Requests for Information), clarification and additional information about documents, drawings, specifications or other project conditions.\",\"breadcrumb\":{\"@id\":\"https:\/\/oficinadearquitectura.pt\/en\/technical-assistance-on-site\/#breadcrumb\"},\"inLanguage\":\"en-US\",\"potentialAction\":[{\"@type\":\"ReadAction\",\"target\":[\"https:\/\/oficinadearquitectura.pt\/en\/technical-assistance-on-site\/\"]}]},{\"@type\":\"BreadcrumbList\",\"@id\":\"https:\/\/oficinadearquitectura.pt\/en\/technical-assistance-on-site\/#breadcrumb\",\"itemListElement\":[{\"@type\":\"ListItem\",\"position\":1,\"name\":\"Home\",\"item\":\"https:\/\/oficinadearquitectura.pt\/en\/architectural-studio-in-lisbon\/\"},{\"@type\":\"ListItem\",\"position\":2,\"name\":\"Technical assistance on site\"}]},{\"@type\":\"WebSite\",\"@id\":\"https:\/\/oficinadearquitectura.pt\/en\/#website\",\"url\":\"https:\/\/oficinadearquitectura.pt\/en\/\",\"name\":\"Oficina de Arquitectura\",\"description\":\"arquitectura e design: projecto e obras\",\"publisher\":{\"@id\":\"https:\/\/oficinadearquitectura.pt\/en\/#organization\"},\"potentialAction\":[{\"@type\":\"SearchAction\",\"target\":{\"@type\":\"EntryPoint\",\"urlTemplate\":\"https:\/\/oficinadearquitectura.pt\/en\/?s={search_term_string}\"},\"query-input\":\"required name=search_term_string\"}],\"inLanguage\":\"en-US\"},{\"@type\":\"Organization\",\"@id\":\"https:\/\/oficinadearquitectura.pt\/en\/#organization\",\"name\":\"Oficina de Arquitectura\",\"url\":\"https:\/\/oficinadearquitectura.pt\/en\/\",\"logo\":{\"@type\":\"ImageObject\",\"inLanguage\":\"en-US\",\"@id\":\"https:\/\/oficinadearquitectura.pt\/en\/#\/schema\/logo\/image\/\",\"url\":\"https:\/\/i1.wp.com\/oficinadearquitectura.pt\/wp-content\/uploads\/2020\/12\/OficinaArquitecturaHorizontal_registada2.png?fit=1024%2C201&ssl=1\",\"contentUrl\":\"https:\/\/i1.wp.com\/oficinadearquitectura.pt\/wp-content\/uploads\/2020\/12\/OficinaArquitecturaHorizontal_registada2.png?fit=1024%2C201&ssl=1\",\"width\":1024,\"height\":201,\"caption\":\"Oficina de Arquitectura\"},\"image\":{\"@id\":\"https:\/\/oficinadearquitectura.pt\/en\/#\/schema\/logo\/image\/\"},\"sameAs\":[\"https:\/\/www.facebook.com\/Oficina-de-Arquitectura-103882331321761\",\"https:\/\/www.linkedin.com\/company\/oa-oficina-de-arquitectura\/?viewAsMember=true\",\"https:\/\/www.pinterest.pt\/joanaginjeira\/_saved\/\"]}]}<\/script>\n<!-- \/ Yoast SEO plugin. -->","yoast_head_json":{"title":"Technical assistance on site- Oficina de Arquitectura","description":"Response to RFIs (Requests for Information), clarification and additional information about documents, drawings, specifications or other project conditions.","robots":{"index":"index","follow":"follow","max-snippet":"max-snippet:-1","max-image-preview":"max-image-preview:large","max-video-preview":"max-video-preview:-1"},"canonical":"https:\/\/oficinadearquitectura.pt\/en\/technical-assistance-on-site\/","og_locale":"en_US","og_type":"article","og_title":"Technical assistance on site- Oficina de Arquitectura","og_description":"Response to RFIs (Requests for Information), clarification and additional information about documents, drawings, specifications or other project conditions.","og_url":"https:\/\/oficinadearquitectura.pt\/en\/technical-assistance-on-site\/","og_site_name":"Oficina de Arquitectura","article_publisher":"https:\/\/www.facebook.com\/Oficina-de-Arquitectura-103882331321761","article_modified_time":"2024-03-01T15:53:47+00:00","og_image":[{"width":1024,"height":768,"url":"https:\/\/oficinadearquitectura.pt\/wp-content\/uploads\/2020\/10\/demolicoes_1024x768-3.jpg","type":"image\/jpeg"}],"twitter_card":"summary_large_image","twitter_misc":{"Est. reading time":"3 minutes"},"schema":{"@context":"https:\/\/schema.org","@graph":[{"@type":"WebPage","@id":"https:\/\/oficinadearquitectura.pt\/en\/technical-assistance-on-site\/","url":"https:\/\/oficinadearquitectura.pt\/en\/technical-assistance-on-site\/","name":"Technical assistance on site- Oficina de Arquitectura","isPartOf":{"@id":"https:\/\/oficinadearquitectura.pt\/en\/#website"},"datePublished":"2020-10-15T13:29:08+00:00","dateModified":"2024-03-01T15:53:47+00:00","description":"Response to RFIs (Requests for Information), clarification and additional information about documents, drawings, specifications or other project conditions.","breadcrumb":{"@id":"https:\/\/oficinadearquitectura.pt\/en\/technical-assistance-on-site\/#breadcrumb"},"inLanguage":"en-US","potentialAction":[{"@type":"ReadAction","target":["https:\/\/oficinadearquitectura.pt\/en\/technical-assistance-on-site\/"]}]},{"@type":"BreadcrumbList","@id":"https:\/\/oficinadearquitectura.pt\/en\/technical-assistance-on-site\/#breadcrumb","itemListElement":[{"@type":"ListItem","position":1,"name":"Home","item":"https:\/\/oficinadearquitectura.pt\/en\/architectural-studio-in-lisbon\/"},{"@type":"ListItem","position":2,"name":"Technical assistance on site"}]},{"@type":"WebSite","@id":"https:\/\/oficinadearquitectura.pt\/en\/#website","url":"https:\/\/oficinadearquitectura.pt\/en\/","name":"Oficina de Arquitectura","description":"arquitectura e design: projecto e obras","publisher":{"@id":"https:\/\/oficinadearquitectura.pt\/en\/#organization"},"potentialAction":[{"@type":"SearchAction","target":{"@type":"EntryPoint","urlTemplate":"https:\/\/oficinadearquitectura.pt\/en\/?s={search_term_string}"},"query-input":"required name=search_term_string"}],"inLanguage":"en-US"},{"@type":"Organization","@id":"https:\/\/oficinadearquitectura.pt\/en\/#organization","name":"Oficina de Arquitectura","url":"https:\/\/oficinadearquitectura.pt\/en\/","logo":{"@type":"ImageObject","inLanguage":"en-US","@id":"https:\/\/oficinadearquitectura.pt\/en\/#\/schema\/logo\/image\/","url":"https:\/\/i1.wp.com\/oficinadearquitectura.pt\/wp-content\/uploads\/2020\/12\/OficinaArquitecturaHorizontal_registada2.png?fit=1024%2C201&ssl=1","contentUrl":"https:\/\/i1.wp.com\/oficinadearquitectura.pt\/wp-content\/uploads\/2020\/12\/OficinaArquitecturaHorizontal_registada2.png?fit=1024%2C201&ssl=1","width":1024,"height":201,"caption":"Oficina de Arquitectura"},"image":{"@id":"https:\/\/oficinadearquitectura.pt\/en\/#\/schema\/logo\/image\/"},"sameAs":["https:\/\/www.facebook.com\/Oficina-de-Arquitectura-103882331321761","https:\/\/www.linkedin.com\/company\/oa-oficina-de-arquitectura\/?viewAsMember=true","https:\/\/www.pinterest.pt\/joanaginjeira\/_saved\/"]}]}},"_links":{"self":[{"href":"https:\/\/oficinadearquitectura.pt\/en\/wp-json\/wp\/v2\/pages\/4114"}],"collection":[{"href":"https:\/\/oficinadearquitectura.pt\/en\/wp-json\/wp\/v2\/pages"}],"about":[{"href":"https:\/\/oficinadearquitectura.pt\/en\/wp-json\/wp\/v2\/types\/page"}],"author":[{"embeddable":true,"href":"https:\/\/oficinadearquitectura.pt\/en\/wp-json\/wp\/v2\/users\/1"}],"replies":[{"embeddable":true,"href":"https:\/\/oficinadearquitectura.pt\/en\/wp-json\/wp\/v2\/comments?post=4114"}],"version-history":[{"count":17,"href":"https:\/\/oficinadearquitectura.pt\/en\/wp-json\/wp\/v2\/pages\/4114\/revisions"}],"predecessor-version":[{"id":5031,"href":"https:\/\/oficinadearquitectura.pt\/en\/wp-json\/wp\/v2\/pages\/4114\/revisions\/5031"}],"wp:featuredmedia":[{"embeddable":true,"href":"https:\/\/oficinadearquitectura.pt\/en\/wp-json\/wp\/v2\/media\/3181"}],"wp:attachment":[{"href":"https:\/\/oficinadearquitectura.pt\/en\/wp-json\/wp\/v2\/media?parent=4114"}],"wp:term":[{"taxonomy":"post_tag","embeddable":true,"href":"https:\/\/oficinadearquitectura.pt\/en\/wp-json\/wp\/v2\/tags?post=4114"}],"curies":[{"name":"wp","href":"https:\/\/api.w.org\/{rel}","templated":true}]}}